{"id":521,"date":"2018-07-13T10:27:42","date_gmt":"2018-07-13T10:27:42","guid":{"rendered":"http:\/\/www.crochet.pt\/dev\/contexto\/"},"modified":"2023-01-27T11:46:27","modified_gmt":"2023-01-27T11:46:27","slug":"context","status":"publish","type":"page","link":"https:\/\/terraseixe.org\/en\/context\/","title":{"rendered":"Context"},"content":{"rendered":"<h1>Context<\/h1>\n<p id=\"tw-target-text\" class=\"tw-data-text tw-text-large tw-ta\" dir=\"ltr\" data-placeholder=\"Translation\"><span class=\"Y2IQFc\" lang=\"en\">The TerraSeixe Project arose from concerns about the precarious state of conservation of the Seixe River basin. Of particular note was the Monchique oak (<em>Quercus canariensis<\/em>), an endemic species that, despite the small number of specimens, exists in this valley in greater numbers than anywhere else in Portugal. Furthermore, in the flora and fauna of the Seixe watershed, there is a series of other unusual species and even some vestiges of increasingly rare Laurisilva forests, all today in a state of deep degradation.<\/span><\/p>\n<figure class=\"img-66\"><img decoding=\"async\" loading=\"lazy\" class=\"alignnone wp-image-763 size-full\" src=\"https:\/\/terraseixe.org\/wp-content\/uploads\/2023\/01\/seixe_culturas_monotipicas.jpg\" alt=\"\" width=\"1280\" height=\"853\" srcset=\"https:\/\/terraseixe.org\/wp-content\/uploads\/2023\/01\/seixe_culturas_monotipicas.jpg 1280w, https:\/\/terraseixe.org\/wp-content\/uploads\/2023\/01\/seixe_culturas_monotipicas-300x200.jpg 300w, https:\/\/terraseixe.org\/wp-content\/uploads\/2023\/01\/seixe_culturas_monotipicas-1024x682.jpg 1024w, https:\/\/terraseixe.org\/wp-content\/uploads\/2023\/01\/seixe_culturas_monotipicas-768x512.jpg 768w\" sizes=\"(max-width: 1280px) 100vw, 1280px\" \/><figcaption>Seixe River Basin land designated part of the protected Natura 2000 Network but cleared and terraced for monotypic Eucalyptus plantation.&nbsp; (Image: J. Roborg-S\u00f6ndergaard).<\/figcaption><\/figure>\n<figure class=\"img-66\"><img decoding=\"async\" loading=\"lazy\" class=\"alignnone wp-image-761 size-full\" src=\"https:\/\/terraseixe.org\/wp-content\/uploads\/2023\/01\/Odeceixe-2.jpg\" alt=\"Vista a\u00e9rea de sudeste sobre a Serra de Monchique\" width=\"1280\" height=\"721\" srcset=\"https:\/\/terraseixe.org\/wp-content\/uploads\/2023\/01\/Odeceixe-2.jpg 1280w, https:\/\/terraseixe.org\/wp-content\/uploads\/2023\/01\/Odeceixe-2-300x169.jpg 300w, https:\/\/terraseixe.org\/wp-content\/uploads\/2023\/01\/Odeceixe-2-1024x577.jpg 1024w, https:\/\/terraseixe.org\/wp-content\/uploads\/2023\/01\/Odeceixe-2-768x433.jpg 768w\" sizes=\"(max-width: 1280px) 100vw, 1280px\" \/><figcaption>View to the southeast of the village of Odeceixe and the Serra de Monchique on the distant horizon.<br \/>\n(Source: A Terceira Dimens\u00e3o).<\/figcaption><\/figure>\n<div class=\"row\">\n<div class=\"col-xs-50\">\n<figure class=\"img-66\"><span style=\"color: initial;\"><img decoding=\"async\" loading=\"lazy\" class=\"alignnone wp-image-755 size-full\" src=\"https:\/\/terraseixe.org\/wp-content\/uploads\/2023\/01\/observacao_carvalho_de_monchique.jpg\" alt=\"\" width=\"1280\" height=\"1920\" srcset=\"https:\/\/terraseixe.org\/wp-content\/uploads\/2023\/01\/observacao_carvalho_de_monchique.jpg 1280w, https:\/\/terraseixe.org\/wp-content\/uploads\/2023\/01\/observacao_carvalho_de_monchique-200x300.jpg 200w, https:\/\/terraseixe.org\/wp-content\/uploads\/2023\/01\/observacao_carvalho_de_monchique-683x1024.jpg 683w, https:\/\/terraseixe.org\/wp-content\/uploads\/2023\/01\/observacao_carvalho_de_monchique-768x1152.jpg 768w, https:\/\/terraseixe.org\/wp-content\/uploads\/2023\/01\/observacao_carvalho_de_monchique-1024x1536.jpg 1024w\" sizes=\"(max-width: 1280px) 100vw, 1280px\" \/>The TerraSeixe Project team next to a Monchique Oak on a track in the Seixe valley.&nbsp; <\/span><span style=\"color: initial;\">(Image: J. Roborg-S\u00f6ndergaard).<\/span><\/p>\n<p><em>Quercus canariensis<\/em>, Portugal&#8217;s second largest native tree is emblematic of the TerraSeixe initiative. Fragments survive in Spain and in the mountains of northwest Africa. The best ornamental specimens are found in gardens in Australia and New Zealand.<figcaption><\/figcaption><\/figure>\n<\/div>\n<div class=\"col-xs-50\">\n<figure class=\"img-66\"><span style=\"color: initial;\"><img decoding=\"async\" loading=\"lazy\" class=\"alignnone wp-image-759 size-full\" src=\"https:\/\/terraseixe.org\/wp-content\/uploads\/2023\/01\/trilho_floresta_mediterranica.jpg\" alt=\"\" width=\"1280\" height=\"1920\" srcset=\"https:\/\/terraseixe.org\/wp-content\/uploads\/2023\/01\/trilho_floresta_mediterranica.jpg 1280w, https:\/\/terraseixe.org\/wp-content\/uploads\/2023\/01\/trilho_floresta_mediterranica-200x300.jpg 200w, https:\/\/terraseixe.org\/wp-content\/uploads\/2023\/01\/trilho_floresta_mediterranica-683x1024.jpg 683w, https:\/\/terraseixe.org\/wp-content\/uploads\/2023\/01\/trilho_floresta_mediterranica-768x1152.jpg 768w, https:\/\/terraseixe.org\/wp-content\/uploads\/2023\/01\/trilho_floresta_mediterranica-1024x1536.jpg 1024w\" sizes=\"(max-width: 1280px) 100vw, 1280px\" \/>Trail through Mediterranean woodland in the basin.&nbsp; <\/span><span style=\"color: initial;\">(Image: J. Roborg-S\u00f6ndergaard).<\/span><\/p>\n<p>This type of Mediterranean forest is found near creeks in the Seixe valley where vestiges of ancient Laurisilva habitat where laurel trees (<em>Laurus nobilis<\/em>) may be found. In Europe, these much-diminished forests exist in mainland Portugal, Madeira Island and Spain.<\/figure>\n<\/div>\n<\/div>\n<figure class=\"img-66\"><img decoding=\"async\" loading=\"lazy\" class=\"alignnone wp-image-757 size-full\" src=\"https:\/\/terraseixe.org\/wp-content\/uploads\/2023\/01\/vista_fluvial_da_ribeira_do_seixe.jpg\" alt=\"Vista sobre a paisagem fluvial da Ribeira de Seixe\" width=\"1280\" height=\"853\" srcset=\"https:\/\/terraseixe.org\/wp-content\/uploads\/2023\/01\/vista_fluvial_da_ribeira_do_seixe.jpg 1280w, https:\/\/terraseixe.org\/wp-content\/uploads\/2023\/01\/vista_fluvial_da_ribeira_do_seixe-300x200.jpg 300w, https:\/\/terraseixe.org\/wp-content\/uploads\/2023\/01\/vista_fluvial_da_ribeira_do_seixe-1024x682.jpg 1024w, https:\/\/terraseixe.org\/wp-content\/uploads\/2023\/01\/vista_fluvial_da_ribeira_do_seixe-768x512.jpg 768w\" sizes=\"(max-width: 1280px) 100vw, 1280px\" \/>Inland winter landscape of the Seixe river which flows from the Monchique mountains to Portugal&#8217;s west coast.&nbsp; (Image: J. Roborg-S\u00f6ndergaard).<\/p>\n<p>The project covers the entire Seixe hydrographic basin.&nbsp; In theory three Nature Conservation Instruments furnish an overlapping legal framework to protect&nbsp;90 percent (229 km\u00b2) of the 254 km\u00b2 that make up the river watershed [1, 2, 3]<\/figure>\n<figure><img decoding=\"async\" src=\"https:\/\/terraseixe.org\/wp-content\/uploads\/2018\/07\/mapa_bacia_hidro_rib_seixe.jpg\" alt=\"Mapa da Bacia Hidrogr\u00e1fica da Ribeira de Seixe, com o territ\u00f3rio da Rede Natura 2000 a verde.\"><figcaption>Outline of the Seixe basin with the Natura 2000 Network in green.<br \/>\n(Source: M. Jer\u00f3nimo, 2018: GEOTA).<\/figcaption><\/figure>\n<p>The Natura 2000 Network&#8217;s main aim is &#8220;to ensure the long-term survival of Europe&#8217;s most valuable and threatened species and habitats, listed under both the <a href=\"https:\/\/ec.europa.eu\/environment\/nature\/legislation\/birdsdirective\/index_en.htm\">Birds Directive<\/a>&nbsp;and the&nbsp;<a href=\"https:\/\/ec.europa.eu\/environment\/nature\/legislation\/habitatsdirective\/index_en.htm\">Habitats Directive<\/a>.&#8221;<\/p>\n<p>It is not, <a href=\"https:\/\/ec.europa.eu\/environment\/nature\/natura2000\/index_en.htm#:~:text=Natura%202000%20is%20a%20network,on%20land%20and%20at%20sea.\">nevertheless<\/a>, &#8220;a system of strict nature reserves from which all human activities would be excluded. While it includes strictly protected nature reserves, most of the land remains privately owned. The approach to conservation and sustainable use of the Natura 2000 areas is much wider, largely centred on people working with nature rather than against it.&nbsp; However, Member States must ensure that the sites are managed in a sustainable manner, both ecologically and economically.&#8221; (https:\/\/ec.europa.eu\/environment\/nature\/natura2000\/index_en.htm#:~:text=Natura%202000%20is%20a%20network,on%20land%20and%20at%20sea.)&nbsp; And here, as with the Seixe&#8217;s <a href=\"http:\/\/datazone.birdlife.org\/site\/ibacriteria\">Important Bird Area<\/a> (IBA) status which is similarly aims &#8220;to secure the long-term conservation of sites that are of significant importance for birds and biodiversity&#8221; Portugal fails conspicuously &#8211; over 40% of the &#8220;protected&#8221; area is industrial monotypic eucalyptus plantation.<\/p>\n<figure><img decoding=\"async\" src=\"https:\/\/terraseixe.org\/wp-content\/uploads\/2018\/07\/mapa_bacia_seixe_azul.jpg\" alt=\"Mapa da Bacia Hidrogr\u00e1fica, com a IBA a azul.\"><figcaption>Seixe Basin with Important Bird Area in blue.<br \/>\n(Source: M. Jer\u00f3nimo, 2018: GEOTA).<\/figcaption><\/figure>\n<p>In addition, along the coast there is another overlapping protected area, the Southwest Alentejo and Costa Vicentina Natural Park, which covers 9 km\u00b2 (or 3.5 percent) of the Ribeira de Seixe Watershed [1]. This is the land of the Seixe river&#8217;s estuary which belongs to Portugal&#8217;s National Network of Protected Areas.&nbsp; The aim of this park is likewise to support \u201cconservation, legislation, planning and management\u201d [4].<\/p>\n<figure><img decoding=\"async\" src=\"https:\/\/terraseixe.org\/wp-content\/uploads\/2018\/07\/mapa_bacia_seixe_orla_costeira_castanho.jpg\" alt=\"Mapa da Bacia Hidrogr\u00e1fica da Ribeira de Seixe com a sec\u00e7\u00e3o pertencente ao parque natural da orla costeira a castanho.\"><figcaption>Seixe basin map with protected coastal region in browrn.<br \/>\n(Source: M. Jer\u00f3nimo, 2018: GEOTA).<\/figcaption><\/figure>\n<p>Despite all these initiatives aimed at conserving natural heritage, the density of eucalyptus plantations is over 40% and continues to grow. Instead of conserving and protecting habitats and their endemic species, these plantations are increasingly replacing supposedly protected natural habitats.<\/p>\n<figure class=\"img-66\"><img decoding=\"async\" loading=\"lazy\" class=\"alignnone wp-image-769 size-full\" src=\"https:\/\/terraseixe.org\/wp-content\/uploads\/2023\/01\/vegetacao_removida-1.jpg\" alt=\"Vegeta\u00e7\u00e3o natural removida, para futura planta\u00e7\u00e3o de eucaliptais.\" width=\"1280\" height=\"720\" srcset=\"https:\/\/terraseixe.org\/wp-content\/uploads\/2023\/01\/vegetacao_removida-1.jpg 1280w, https:\/\/terraseixe.org\/wp-content\/uploads\/2023\/01\/vegetacao_removida-1-300x169.jpg 300w, https:\/\/terraseixe.org\/wp-content\/uploads\/2023\/01\/vegetacao_removida-1-1024x576.jpg 1024w, https:\/\/terraseixe.org\/wp-content\/uploads\/2023\/01\/vegetacao_removida-1-768x432.jpg 768w\" sizes=\"(max-width: 1280px) 100vw, 1280px\" \/><figcaption>Natural vegetation removed for a future eucalyptus plantation.<br \/>\n(Image: J. Roborg-S\u00f6ndergaard).<\/figcaption><\/figure>\n<p>A sparsely inhabited watershed such as the Seixe river basin must be understood as a multifunctional landscape. According to the <a href=\"https:\/\/www.coe.int\/en\/web\/landscape#\">European Landscape Convention<\/a>, landscapes are zones observed by people whose characteristics result from the action and interaction of natural and\/or human factors [5]. Through this approach to the watershed, the TerraSeixe Project proposes that this landscape be interpreted as a source of benefits, goods and services provided by the environment. This implies that, in the management of the hydrographic basin, both human aspirations and ecological needs are recognised.<\/p>\n<p>Such an approach might resolve any conflicts that arise not only between the human inhabitants of the river basin, but also between current land exploitation activities and those that are compatible with the Nature Conservation Instruments (ICNs in Portuguese). If this balance between human activity on the one hand and natural habitats and species on the other can be achieved, it may finally be possible to ensure the protection and conservation of wildlife.<\/p>\n<p>REFER\u00caNCIAS<br \/>\n[1] Ferreira AI, Jer\u00f3nimo M. (2015) Instrumentos de Conserva\u00e7\u00e3o da Natureza na Bacia Hidrogr\u00e1fica da Ribeira de Seixe. Lisboa: GEOTA.<br \/>\n[2] Instituto da Conserva\u00e7\u00e3o da Natureza e das Florestas (ICNF) Natura 2000. Dispon\u00edvel em: <a href=\"http:\/\/www2.icnf.pt\/portal\/pn\/biodiversidade\/rn2000\">http:\/\/www2.icnf.pt\/portal\/pn\/biodiversidade\/rn2000<\/a>.<br \/>\n[3] Instituto da Conserva\u00e7\u00e3o da Natureza e das Florestas (ICNF) Aves. Dispon\u00edvel em: <a href=\"http:\/\/www2.icnf.pt\/portal\/pn\/biodiversidade\/rn2000\/p-set\/psrn-aves\">http:\/\/www2.icnf.pt\/portal\/pn\/biodiversidade\/rn2000\/p-set\/psrn-aves<\/a>.<br \/>\n[4] Instituto da Conserva\u00e7\u00e3o da Natureza e das Florestas (ICNF) \u00c1reas Protegidas: 12. Dispon\u00edvel em: <a href=\"http:\/\/www2.icnf.pt\/portal\/ap\">http:\/\/www2.icnf.pt\/portal\/ap<\/a>.<br \/>\n[5] The European Landscape Convention of the Council of Europe. Dispon\u00edvel em: <a href=\"https:\/\/www.coe.int\/en\/web\/landscape\">https:\/\/www.coe.int\/en\/web\/landscape<\/a>.<span id=\"tooltip_content_02\"><br \/>\n<\/span><\/p>\n","protected":false},"excerpt":{"rendered":"<p>Context The TerraSeixe Project arose from concerns about the precarious state of conservation of the Seixe River basin. Of particular note was the Monchique oak (Quercus canariensis), an endemic species that, despite the small number of specimens, exists in this valley in greater numbers than anywhere else in Portugal. Furthermore, in the flora and fauna [&hellip;]<\/p>\n","protected":false},"author":1,"featured_media":0,"parent":0,"menu_order":0,"comment_status":"closed","ping_status":"closed","template":"template-inner.php","meta":{"inline_featured_image":false},"acf":[],"_links":{"self":[{"href":"https:\/\/terraseixe.org\/en\/wp-json\/wp\/v2\/pages\/521"}],"collection":[{"href":"https:\/\/terraseixe.org\/en\/wp-json\/wp\/v2\/pages"}],"about":[{"href":"https:\/\/terraseixe.org\/en\/wp-json\/wp\/v2\/types\/page"}],"author":[{"embeddable":true,"href":"https:\/\/terraseixe.org\/en\/wp-json\/wp\/v2\/users\/1"}],"replies":[{"embeddable":true,"href":"https:\/\/terraseixe.org\/en\/wp-json\/wp\/v2\/comments?post=521"}],"version-history":[{"count":20,"href":"https:\/\/terraseixe.org\/en\/wp-json\/wp\/v2\/pages\/521\/revisions"}],"predecessor-version":[{"id":817,"href":"https:\/\/terraseixe.org\/en\/wp-json\/wp\/v2\/pages\/521\/revisions\/817"}],"wp:attachment":[{"href":"https:\/\/terraseixe.org\/en\/wp-json\/wp\/v2\/media?parent=521"}],"curies":[{"name":"wp","href":"https:\/\/api.w.org\/{rel}","templated":true}]}}